{"id":732,"date":"2020-05-10T22:11:20","date_gmt":"2020-05-10T20:11:20","guid":{"rendered":"https:\/\/regacon.com\/impressao\/"},"modified":"2026-05-08T13:51:11","modified_gmt":"2026-05-08T11:51:11","slug":"impressao","status":"publish","type":"page","link":"https:\/\/regacon.com\/pt-br\/impressao\/","title":{"rendered":"Impress\u00e3o"},"content":{"rendered":"<div class=\"et_pb_section_0 et_pb_section et_section_regular et_flex_section\">\n<div class=\"et_pb_row_0 et_pb_row et-vb-row--no-module et_flex_row preset--module--divi-row--default\">\n<div class=\"et_pb_column_0 et_pb_column et-last-child et_flex_column et_pb_column_empty et_pb_css_mix_blend_mode_passthrough et_flex_column_24_24 et_flex_column_24_24_tablet et_flex_column_24_24_phone\"><\/div>\n<\/div>\n<\/div>\n\n<div class=\"et_pb_section_1 et_pb_section et_section_regular et_block_section\">\n<div class=\"et_pb_row_1 et_pb_row et_block_row preset--module--divi-row--default\">\n<div class=\"et_pb_column_1 et_pb_column et_pb_column_4_4 et-last-child et_block_column et_pb_css_mix_blend_mode_passthrough\">\n<div class=\"et_pb_text_0 et_pb_text et_pb_bg_layout_light et_pb_module et_block_module\"><div class=\"et_pb_text_inner\"><p><!-- wp:paragraph --><\/p>\n<h1>Impress\u00e3o<\/h1>\n<p>Regacon GmbH<br \/>Akazienstr. 53<br \/>50765 Cologne <\/p>\n<p><strong>Telefone:<\/strong> +49 173 60 53 524<br \/><strong>E-mail:<\/strong> info@regacon.com<\/p>\n<p><strong>Diretora administrativa:<\/strong> Nicole Einmahl<\/p>\n<p>Registrado no registro comercial do Tribunal Local de Col\u00f4nia<br \/>sob o n\u00famero HRB 71111<\/p>\n<p><strong>N\u00famero de identifica\u00e7\u00e3o fiscal de vendas:<\/strong> DE 274 744 425<\/p>\n<p><strong>Observa\u00e7\u00e3o sobre resolu\u00e7\u00e3o de disputas:<\/strong> N\u00e3o somos legalmente obrigados nem estamos dispostos a participar de procedimentos de resolu\u00e7\u00e3o de disputas perante um conselho de arbitragem de consumidores.<\/p>\n<p><!-- \/wp:list --><\/p>\n<\/div><\/div>\n\n<div class=\"et_pb_image_0 et_pb_image et_pb_module et_flex_module\"><span class=\"et_pb_image_wrap\"><img loading=\"lazy\" decoding=\"async\" src=\"https:\/\/regacon.com\/wp-content\/uploads\/2026\/04\/onwalt-siegel-schrift-dunkel-bg-transparent.svg\" title=\"onwalt-seal-font-dark-bg-transparent\" width=\"0\" height=\"0\" srcset=\"https:\/\/regacon.com\/wp-content\/uploads\/2026\/04\/onwalt-siegel-schrift-dunkel-bg-transparent.svg 0w\" class=\"wp-image-534\" \/><\/span><\/div>\n<\/div>\n<\/div>\n<\/div>","protected":false},"excerpt":{"rendered":"","protected":false},"author":1,"featured_media":0,"parent":0,"menu_order":0,"comment_status":"closed","ping_status":"open","template":"","meta":{"inline_featured_image":false,"footnotes":""},"class_list":["post-732","page","type-page","status-publish","hentry"],"yoast_head":"<!-- This site is optimized with the Yoast SEO plugin v27.5 - https:\/\/yoast.com\/product\/yoast-seo-wordpress\/ -->\n<title>Impress\u00e3o - regacon.com<\/title>\n<meta name=\"robots\" content=\"index, follow, max-snippet:-1, max-image-preview:large, max-video-preview:-1\" \/>\n<link rel=\"canonical\" href=\"https:\/\/regacon.com\/pt-br\/impressao\/\" \/>\n<meta property=\"og:locale\" content=\"pt_BR\" \/>\n<meta property=\"og:type\" content=\"article\" \/>\n<meta property=\"og:title\" content=\"Impress\u00e3o - regacon.com\" \/>\n<meta property=\"og:url\" content=\"https:\/\/regacon.com\/pt-br\/impressao\/\" \/>\n<meta property=\"og:site_name\" content=\"regacon.com\" \/>\n<meta property=\"article:modified_time\" content=\"2026-05-08T11:51:11+00:00\" \/>\n<meta name=\"twitter:card\" content=\"summary_large_image\" \/>\n<script type=\"application\/ld+json\" class=\"yoast-schema-graph\">{\"@context\":\"https:\\\/\\\/schema.org\",\"@graph\":[{\"@type\":\"WebPage\",\"@id\":\"https:\\\/\\\/regacon.com\\\/pt-br\\\/impressao\\\/\",\"url\":\"https:\\\/\\\/regacon.com\\\/pt-br\\\/impressao\\\/\",\"name\":\"Impress\u00e3o - regacon.com\",\"isPartOf\":{\"@id\":\"https:\\\/\\\/regacon.com\\\/pt-br\\\/#website\"},\"datePublished\":\"2020-05-10T20:11:20+00:00\",\"dateModified\":\"2026-05-08T11:51:11+00:00\",\"breadcrumb\":{\"@id\":\"https:\\\/\\\/regacon.com\\\/pt-br\\\/impressao\\\/#breadcrumb\"},\"inLanguage\":\"pt-BR\",\"potentialAction\":[{\"@type\":\"ReadAction\",\"target\":[\"https:\\\/\\\/regacon.com\\\/pt-br\\\/impressao\\\/\"]}]},{\"@type\":\"BreadcrumbList\",\"@id\":\"https:\\\/\\\/regacon.com\\\/pt-br\\\/impressao\\\/#breadcrumb\",\"itemListElement\":[{\"@type\":\"ListItem\",\"position\":1,\"name\":\"Start\",\"item\":\"https:\\\/\\\/regacon.com\\\/pt-br\\\/\"},{\"@type\":\"ListItem\",\"position\":2,\"name\":\"Impress\u00e3o\"}]},{\"@type\":\"WebSite\",\"@id\":\"https:\\\/\\\/regacon.com\\\/pt-br\\\/#website\",\"url\":\"https:\\\/\\\/regacon.com\\\/pt-br\\\/\",\"name\":\"regacon.com\",\"description\":\"Industriemontage\",\"publisher\":{\"@id\":\"https:\\\/\\\/regacon.com\\\/pt-br\\\/#organization\"},\"potentialAction\":[{\"@type\":\"SearchAction\",\"target\":{\"@type\":\"EntryPoint\",\"urlTemplate\":\"https:\\\/\\\/regacon.com\\\/pt-br\\\/?s={search_term_string}\"},\"query-input\":{\"@type\":\"PropertyValueSpecification\",\"valueRequired\":true,\"valueName\":\"search_term_string\"}}],\"inLanguage\":\"pt-BR\"},{\"@type\":\"Organization\",\"@id\":\"https:\\\/\\\/regacon.com\\\/pt-br\\\/#organization\",\"name\":\"RegaCon GmbH\",\"url\":\"https:\\\/\\\/regacon.com\\\/pt-br\\\/\",\"logo\":{\"@type\":\"ImageObject\",\"inLanguage\":\"pt-BR\",\"@id\":\"https:\\\/\\\/regacon.com\\\/pt-br\\\/#\\\/schema\\\/logo\\\/image\\\/\",\"url\":\"https:\\\/\\\/regacon.com\\\/wp-content\\\/uploads\\\/2020\\\/05\\\/RegaConLogoSmall.png\",\"contentUrl\":\"https:\\\/\\\/regacon.com\\\/wp-content\\\/uploads\\\/2020\\\/05\\\/RegaConLogoSmall.png\",\"width\":150,\"height\":77,\"caption\":\"RegaCon GmbH\"},\"image\":{\"@id\":\"https:\\\/\\\/regacon.com\\\/pt-br\\\/#\\\/schema\\\/logo\\\/image\\\/\"}}]}<\/script>\n<!-- \/ Yoast SEO plugin. -->","yoast_head_json":{"title":"Impress\u00e3o - regacon.com","robots":{"index":"index","follow":"follow","max-snippet":"max-snippet:-1","max-image-preview":"max-image-preview:large","max-video-preview":"max-video-preview:-1"},"canonical":"https:\/\/regacon.com\/pt-br\/impressao\/","og_locale":"pt_BR","og_type":"article","og_title":"Impress\u00e3o - regacon.com","og_url":"https:\/\/regacon.com\/pt-br\/impressao\/","og_site_name":"regacon.com","article_modified_time":"2026-05-08T11:51:11+00:00","twitter_card":"summary_large_image","schema":{"@context":"https:\/\/schema.org","@graph":[{"@type":"WebPage","@id":"https:\/\/regacon.com\/pt-br\/impressao\/","url":"https:\/\/regacon.com\/pt-br\/impressao\/","name":"Impress\u00e3o - regacon.com","isPartOf":{"@id":"https:\/\/regacon.com\/pt-br\/#website"},"datePublished":"2020-05-10T20:11:20+00:00","dateModified":"2026-05-08T11:51:11+00:00","breadcrumb":{"@id":"https:\/\/regacon.com\/pt-br\/impressao\/#breadcrumb"},"inLanguage":"pt-BR","potentialAction":[{"@type":"ReadAction","target":["https:\/\/regacon.com\/pt-br\/impressao\/"]}]},{"@type":"BreadcrumbList","@id":"https:\/\/regacon.com\/pt-br\/impressao\/#breadcrumb","itemListElement":[{"@type":"ListItem","position":1,"name":"Start","item":"https:\/\/regacon.com\/pt-br\/"},{"@type":"ListItem","position":2,"name":"Impress\u00e3o"}]},{"@type":"WebSite","@id":"https:\/\/regacon.com\/pt-br\/#website","url":"https:\/\/regacon.com\/pt-br\/","name":"regacon.com","description":"Industriemontage","publisher":{"@id":"https:\/\/regacon.com\/pt-br\/#organization"},"potentialAction":[{"@type":"SearchAction","target":{"@type":"EntryPoint","urlTemplate":"https:\/\/regacon.com\/pt-br\/?s={search_term_string}"},"query-input":{"@type":"PropertyValueSpecification","valueRequired":true,"valueName":"search_term_string"}}],"inLanguage":"pt-BR"},{"@type":"Organization","@id":"https:\/\/regacon.com\/pt-br\/#organization","name":"RegaCon GmbH","url":"https:\/\/regacon.com\/pt-br\/","logo":{"@type":"ImageObject","inLanguage":"pt-BR","@id":"https:\/\/regacon.com\/pt-br\/#\/schema\/logo\/image\/","url":"https:\/\/regacon.com\/wp-content\/uploads\/2020\/05\/RegaConLogoSmall.png","contentUrl":"https:\/\/regacon.com\/wp-content\/uploads\/2020\/05\/RegaConLogoSmall.png","width":150,"height":77,"caption":"RegaCon GmbH"},"image":{"@id":"https:\/\/regacon.com\/pt-br\/#\/schema\/logo\/image\/"}}]}},"_links":{"self":[{"href":"https:\/\/regacon.com\/pt-br\/wp-json\/wp\/v2\/pages\/732","targetHints":{"allow":["GET"]}}],"collection":[{"href":"https:\/\/regacon.com\/pt-br\/wp-json\/wp\/v2\/pages"}],"about":[{"href":"https:\/\/regacon.com\/pt-br\/wp-json\/wp\/v2\/types\/page"}],"author":[{"embeddable":true,"href":"https:\/\/regacon.com\/pt-br\/wp-json\/wp\/v2\/users\/1"}],"replies":[{"embeddable":true,"href":"https:\/\/regacon.com\/pt-br\/wp-json\/wp\/v2\/comments?post=732"}],"version-history":[{"count":1,"href":"https:\/\/regacon.com\/pt-br\/wp-json\/wp\/v2\/pages\/732\/revisions"}],"predecessor-version":[{"id":734,"href":"https:\/\/regacon.com\/pt-br\/wp-json\/wp\/v2\/pages\/732\/revisions\/734"}],"wp:attachment":[{"href":"https:\/\/regacon.com\/pt-br\/wp-json\/wp\/v2\/media?parent=732"}],"curies":[{"name":"wp","href":"https:\/\/api.w.org\/{rel}","templated":true}]}}